{"id":3,"date":"2023-10-13T14:57:37","date_gmt":"2023-10-13T12:57:37","guid":{"rendered":"http:\/\/studio-nautilus.be\/?page_id=3"},"modified":"2024-07-15T18:52:03","modified_gmt":"2024-07-15T16:52:03","slug":"politique-de-confidentialite","status":"publish","type":"page","link":"https:\/\/studio-nautilus.be\/index.php\/politique-de-confidentialite\/","title":{"rendered":"Politique de confidentialit\u00e9"},"content":{"rendered":"\n<h2 class=\"wp-block-heading\">Qui sommes-nous&nbsp;?<\/h2>\n\n\n\n<p>L\u2019adresse de notre site est&nbsp;: https:\/\/studio-nautilus.be.<\/p>\n\n\n\n<h1 class=\"wp-block-heading\">Mentions l\u00e9gales<\/h1>\n\n\n\n<p>Le site\u00a0studio-nautilus.be est \u00e9dit\u00e9 par <a href=\"https:\/\/transgraphie.fr\">Transgraphie<\/a>, une entreprise individuelle (num\u00e9ro siret : 53963287700020). Le site est h\u00e9berg\u00e9 chez OVH. <\/p>\n\n\n\n<p><\/p>\n\n\n\n<h3 class=\"wp-block-heading\"><strong>Direction de la publication<\/strong> :<\/h3>\n\n\n\n<p>Sophie Lafay et Maxime Larcher<\/p>\n\n\n\n<p>Alors que nous avons effectu\u00e9 toutes les d\u00e9marches pour nous assurer de la fiabilit\u00e9 des informations contenues sur ce site internet, le studio Nautilus ne peut encourir aucune responsabilit\u00e9 du fait d\u2019erreurs, d\u2019omissions, ou pour les r\u00e9sultats qui pourraient \u00eatre obtenus par l\u2019usage de ces informations.&nbsp;<\/p>\n\n\n\n<p>Article L122-4 du code de la propri\u00e9t\u00e9 intellectuelle \u2013 Cr\u00e9\u00e9 par Loi 92-597 1992-07-01 annexe JORF 3 juillet 1992&nbsp;<\/p>\n\n\n\n<p>Toute repr\u00e9sentation ou reproduction int\u00e9grale ou partielle faite sans le consentement de l\u2019auteur ou de ses ayants droit ou ayants cause est illicite. Il en est de m\u00eame pour la traduction, l\u2019adaptation ou la transformation, l\u2019arrangement ou la reproduction par un art ou un proc\u00e9d\u00e9 quelconque.<\/p>\n\n\n\n<h3 class=\"wp-block-heading\">Cr\u00e9dits<\/h3>\n\n\n\n<p>Cr\u00e9dits photographiques : Studio Nautilus<\/p>\n\n\n\n<h2 class=\"wp-block-heading\">Cookies<\/h2>\n\n\n\n<p>Si vous d\u00e9posez un commentaire sur notre site, il vous sera propos\u00e9 d\u2019enregistrer votre nom, adresse e-mail et site dans des cookies. C\u2019est uniquement pour votre confort afin de ne pas avoir \u00e0 saisir ces informations si vous d\u00e9posez un autre commentaire plus tard. Ces cookies expirent au bout d\u2019un an.<\/p>\n\n\n\n<p>Si vous vous rendez sur la page de connexion, un cookie temporaire sera cr\u00e9\u00e9 afin de d\u00e9terminer si votre navigateur accepte les cookies. Il ne contient pas de donn\u00e9es personnelles et sera supprim\u00e9 automatiquement \u00e0 la fermeture de votre navigateur.<\/p>\n\n\n\n<p>Lorsque vous vous connecterez, nous mettrons en place un certain nombre de cookies pour enregistrer vos informations de connexion et vos pr\u00e9f\u00e9rences d\u2019\u00e9cran. La dur\u00e9e de vie d\u2019un cookie de connexion est de deux jours, celle d\u2019un cookie d\u2019option d\u2019\u00e9cran est d\u2019un an. Si vous cochez \u00ab&nbsp;Se souvenir de moi&nbsp;\u00bb, votre cookie de connexion sera conserv\u00e9 pendant deux semaines. Si vous vous d\u00e9connectez de votre compte, le cookie de connexion sera effac\u00e9.<\/p>\n\n\n\n<p>En modifiant ou en publiant une publication, un cookie suppl\u00e9mentaire sera enregistr\u00e9 dans votre navigateur. Ce cookie ne comprend aucune donn\u00e9e personnelle. Il indique simplement l\u2019ID de la publication que vous venez de modifier. Il expire au bout d\u2019un jour.<\/p>\n\n\n\n<h2 class=\"wp-block-heading\">Contenu embarqu\u00e9 depuis d\u2019autres sites<\/h2>\n\n\n\n<p><strong><\/strong>Les articles de ce site peuvent inclure des contenus int\u00e9gr\u00e9s (par exemple des vid\u00e9os, images, articles\u2026). Le contenu int\u00e9gr\u00e9 depuis d\u2019autres sites se comporte de la m\u00eame mani\u00e8re que si le visiteur se rendait sur cet autre site.<\/p>\n\n\n\n<p>Ces sites web pourraient collecter des donn\u00e9es sur vous, utiliser des cookies, embarquer des outils de suivis tiers, suivre vos interactions avec ces contenus embarqu\u00e9s si vous disposez d\u2019un compte connect\u00e9 sur leur site web.<\/p>\n\n\n\n<h2 class=\"wp-block-heading\">Utilisation et transmission de vos donn\u00e9es personnelles<\/h2>\n\n\n\n<p><strong><\/strong>Si vous demandez une r\u00e9initialisation de votre mot de passe, votre adresse IP sera incluse dans l\u2019e-mail de r\u00e9initialisation.<\/p>\n\n\n\n<h2 class=\"wp-block-heading\">Dur\u00e9es de stockage de vos donn\u00e9es<\/h2>\n\n\n\n<p><strong><\/strong>Si vous laissez un commentaire, le commentaire et ses m\u00e9tadonn\u00e9es sont conserv\u00e9s ind\u00e9finiment. Cela permet de reconna\u00eetre et approuver automatiquement les commentaires suivants au lieu de les laisser dans la file de mod\u00e9ration.<\/p>\n\n\n\n<p>Pour les comptes qui s\u2019inscrivent sur notre site (le cas \u00e9ch\u00e9ant), nous stockons \u00e9galement les donn\u00e9es personnelles indiqu\u00e9es dans leur profil. Tous les comptes peuvent voir, modifier ou supprimer leurs informations personnelles \u00e0 tout moment (\u00e0 l\u2019exception de leur identifiant). Les gestionnaires du site peuvent aussi voir et modifier ces informations.<\/p>\n\n\n\n<h2 class=\"wp-block-heading\">Les droits que vous avez sur vos donn\u00e9es<\/h2>\n\n\n\n<p><strong><\/strong>Si vous avez un compte ou si vous avez laiss\u00e9 des commentaires sur le site, vous pouvez demander \u00e0 recevoir un fichier contenant toutes les donn\u00e9es personnelles que nous poss\u00e9dons \u00e0 votre sujet, incluant celles que vous nous avez fournies. Vous pouvez \u00e9galement demander la suppression des donn\u00e9es personnelles vous concernant. Cela ne prend pas en compte les donn\u00e9es stock\u00e9es \u00e0 des fins administratives, l\u00e9gales ou pour des raisons de s\u00e9curit\u00e9.<\/p>\n\n\n\n<h2 class=\"wp-block-heading\">Transmission de vos donn\u00e9es personnelles<\/h2>\n\n\n\n<p><strong><\/strong>Les commentaires des visiteurs peuvent \u00eatre v\u00e9rifi\u00e9s \u00e0 l\u2019aide d\u2019un service automatis\u00e9 de d\u00e9tection des commentaires ind\u00e9sirables.<\/p>\n","protected":false},"excerpt":{"rendered":"<p>Qui sommes-nous&nbsp;? L\u2019adresse de notre site est&nbsp;: https:\/\/studio-nautilus.be. Mentions l\u00e9gales Le site\u00a0studio-nautilus.be est \u00e9dit\u00e9 par Transgraphie, une entreprise individuelle (num\u00e9ro siret : 53963287700020). Le site est h\u00e9berg\u00e9 chez OVH. Direction de la publication : Sophie Lafay et Maxime Larcher Alors que nous avons effectu\u00e9 toutes les d\u00e9marches pour nous assurer de la fiabilit\u00e9 des informations [&hellip;]<\/p>\n","protected":false},"author":1,"featured_media":0,"parent":0,"menu_order":0,"comment_status":"closed","ping_status":"open","template":"","meta":{"footnotes":""},"class_list":["post-3","page","type-page","status-publish","hentry"],"yoast_head":"<!-- This site is optimized with the Yoast SEO plugin v27.4 - https:\/\/yoast.com\/product\/yoast-seo-wordpress\/ -->\n<title>Politique de confidentialit\u00e9 - Studio Nautilus<\/title>\n<meta name=\"description\" content=\"Direction de la publication : Sophie Lafay et Maxime Larcher pour s&#039;assurer de la fiabilit\u00e9 des informations de ce site\" \/>\n<meta name=\"robots\" content=\"index, follow, max-snippet:-1, max-image-preview:large, max-video-preview:-1\" \/>\n<link rel=\"canonical\" href=\"https:\/\/studio-nautilus.be\/index.php\/politique-de-confidentialite\/\" \/>\n<meta property=\"og:locale\" content=\"en_US\" \/>\n<meta property=\"og:type\" content=\"article\" \/>\n<meta property=\"og:title\" content=\"Politique de confidentialit\u00e9 - Studio Nautilus\" \/>\n<meta property=\"og:description\" content=\"Direction de la publication : Sophie Lafay et Maxime Larcher pour s&#039;assurer de la fiabilit\u00e9 des informations de ce site\" \/>\n<meta property=\"og:url\" content=\"https:\/\/studio-nautilus.be\/index.php\/politique-de-confidentialite\/\" \/>\n<meta property=\"og:site_name\" content=\"Studio Nautilus\" \/>\n<meta property=\"article:publisher\" content=\"https:\/\/www.facebook.com\/StudionautilusDesign\" \/>\n<meta property=\"article:modified_time\" content=\"2024-07-15T16:52:03+00:00\" \/>\n<meta property=\"og:image\" content=\"https:\/\/studio-nautilus.be\/wp-content\/uploads\/2024\/05\/7-jpg.webp\" \/>\n\t<meta property=\"og:image:width\" content=\"1920\" \/>\n\t<meta property=\"og:image:height\" content=\"1277\" \/>\n\t<meta property=\"og:image:type\" content=\"image\/jpeg\" \/>\n<meta name=\"twitter:card\" content=\"summary_large_image\" \/>\n<meta name=\"twitter:label1\" content=\"Est. reading time\" \/>\n\t<meta name=\"twitter:data1\" content=\"4 minutes\" \/>\n<script type=\"application\/ld+json\" class=\"yoast-schema-graph\">{\"@context\":\"https:\\\/\\\/schema.org\",\"@graph\":[{\"@type\":\"WebPage\",\"@id\":\"https:\\\/\\\/studio-nautilus.be\\\/index.php\\\/politique-de-confidentialite\\\/\",\"url\":\"https:\\\/\\\/studio-nautilus.be\\\/index.php\\\/politique-de-confidentialite\\\/\",\"name\":\"Politique de confidentialit\u00e9 - Studio Nautilus\",\"isPartOf\":{\"@id\":\"https:\\\/\\\/studio-nautilus.be\\\/#website\"},\"datePublished\":\"2023-10-13T12:57:37+00:00\",\"dateModified\":\"2024-07-15T16:52:03+00:00\",\"description\":\"Direction de la publication : Sophie Lafay et Maxime Larcher pour s'assurer de la fiabilit\u00e9 des informations de ce site\",\"breadcrumb\":{\"@id\":\"https:\\\/\\\/studio-nautilus.be\\\/index.php\\\/politique-de-confidentialite\\\/#breadcrumb\"},\"inLanguage\":\"en-US\",\"potentialAction\":[{\"@type\":\"ReadAction\",\"target\":[\"https:\\\/\\\/studio-nautilus.be\\\/index.php\\\/politique-de-confidentialite\\\/\"]}]},{\"@type\":\"BreadcrumbList\",\"@id\":\"https:\\\/\\\/studio-nautilus.be\\\/index.php\\\/politique-de-confidentialite\\\/#breadcrumb\",\"itemListElement\":[{\"@type\":\"ListItem\",\"position\":1,\"name\":\"Accueil\",\"item\":\"https:\\\/\\\/studio-nautilus.be\\\/\"},{\"@type\":\"ListItem\",\"position\":2,\"name\":\"Politique de confidentialit\u00e9\"}]},{\"@type\":\"WebSite\",\"@id\":\"https:\\\/\\\/studio-nautilus.be\\\/#website\",\"url\":\"https:\\\/\\\/studio-nautilus.be\\\/\",\"name\":\"Studio Nautilus\",\"description\":\"Imaginer et raconter de nouvelles histoires\",\"publisher\":{\"@id\":\"https:\\\/\\\/studio-nautilus.be\\\/#organization\"},\"potentialAction\":[{\"@type\":\"SearchAction\",\"target\":{\"@type\":\"EntryPoint\",\"urlTemplate\":\"https:\\\/\\\/studio-nautilus.be\\\/?s={search_term_string}\"},\"query-input\":{\"@type\":\"PropertyValueSpecification\",\"valueRequired\":true,\"valueName\":\"search_term_string\"}}],\"inLanguage\":\"en-US\"},{\"@type\":\"Organization\",\"@id\":\"https:\\\/\\\/studio-nautilus.be\\\/#organization\",\"name\":\"Studio Nautilus\",\"url\":\"https:\\\/\\\/studio-nautilus.be\\\/\",\"logo\":{\"@type\":\"ImageObject\",\"inLanguage\":\"en-US\",\"@id\":\"https:\\\/\\\/studio-nautilus.be\\\/#\\\/schema\\\/logo\\\/image\\\/\",\"url\":\"https:\\\/\\\/studio-nautilus.be\\\/wp-content\\\/uploads\\\/2024\\\/07\\\/logo2.png\",\"contentUrl\":\"https:\\\/\\\/studio-nautilus.be\\\/wp-content\\\/uploads\\\/2024\\\/07\\\/logo2.png\",\"width\":300,\"height\":388,\"caption\":\"Studio Nautilus\"},\"image\":{\"@id\":\"https:\\\/\\\/studio-nautilus.be\\\/#\\\/schema\\\/logo\\\/image\\\/\"},\"sameAs\":[\"https:\\\/\\\/www.facebook.com\\\/StudionautilusDesign\",\"https:\\\/\\\/www.instagram.com\\\/studio.nautilus\\\/\"]}]}<\/script>\n<!-- \/ Yoast SEO plugin. -->","yoast_head_json":{"title":"Politique de confidentialit\u00e9 - Studio Nautilus","description":"Direction de la publication : Sophie Lafay et Maxime Larcher pour s'assurer de la fiabilit\u00e9 des informations de ce site","robots":{"index":"index","follow":"follow","max-snippet":"max-snippet:-1","max-image-preview":"max-image-preview:large","max-video-preview":"max-video-preview:-1"},"canonical":"https:\/\/studio-nautilus.be\/index.php\/politique-de-confidentialite\/","og_locale":"en_US","og_type":"article","og_title":"Politique de confidentialit\u00e9 - Studio Nautilus","og_description":"Direction de la publication : Sophie Lafay et Maxime Larcher pour s'assurer de la fiabilit\u00e9 des informations de ce site","og_url":"https:\/\/studio-nautilus.be\/index.php\/politique-de-confidentialite\/","og_site_name":"Studio Nautilus","article_publisher":"https:\/\/www.facebook.com\/StudionautilusDesign","article_modified_time":"2024-07-15T16:52:03+00:00","og_image":[{"width":1920,"height":1277,"url":"https:\/\/studio-nautilus.be\/wp-content\/uploads\/2024\/05\/7-jpg.webp","type":"image\/jpeg"}],"twitter_card":"summary_large_image","twitter_misc":{"Est. reading time":"4 minutes"},"schema":{"@context":"https:\/\/schema.org","@graph":[{"@type":"WebPage","@id":"https:\/\/studio-nautilus.be\/index.php\/politique-de-confidentialite\/","url":"https:\/\/studio-nautilus.be\/index.php\/politique-de-confidentialite\/","name":"Politique de confidentialit\u00e9 - Studio Nautilus","isPartOf":{"@id":"https:\/\/studio-nautilus.be\/#website"},"datePublished":"2023-10-13T12:57:37+00:00","dateModified":"2024-07-15T16:52:03+00:00","description":"Direction de la publication : Sophie Lafay et Maxime Larcher pour s'assurer de la fiabilit\u00e9 des informations de ce site","breadcrumb":{"@id":"https:\/\/studio-nautilus.be\/index.php\/politique-de-confidentialite\/#breadcrumb"},"inLanguage":"en-US","potentialAction":[{"@type":"ReadAction","target":["https:\/\/studio-nautilus.be\/index.php\/politique-de-confidentialite\/"]}]},{"@type":"BreadcrumbList","@id":"https:\/\/studio-nautilus.be\/index.php\/politique-de-confidentialite\/#breadcrumb","itemListElement":[{"@type":"ListItem","position":1,"name":"Accueil","item":"https:\/\/studio-nautilus.be\/"},{"@type":"ListItem","position":2,"name":"Politique de confidentialit\u00e9"}]},{"@type":"WebSite","@id":"https:\/\/studio-nautilus.be\/#website","url":"https:\/\/studio-nautilus.be\/","name":"Studio Nautilus","description":"Imaginer et raconter de nouvelles histoires","publisher":{"@id":"https:\/\/studio-nautilus.be\/#organization"},"potentialAction":[{"@type":"SearchAction","target":{"@type":"EntryPoint","urlTemplate":"https:\/\/studio-nautilus.be\/?s={search_term_string}"},"query-input":{"@type":"PropertyValueSpecification","valueRequired":true,"valueName":"search_term_string"}}],"inLanguage":"en-US"},{"@type":"Organization","@id":"https:\/\/studio-nautilus.be\/#organization","name":"Studio Nautilus","url":"https:\/\/studio-nautilus.be\/","logo":{"@type":"ImageObject","inLanguage":"en-US","@id":"https:\/\/studio-nautilus.be\/#\/schema\/logo\/image\/","url":"https:\/\/studio-nautilus.be\/wp-content\/uploads\/2024\/07\/logo2.png","contentUrl":"https:\/\/studio-nautilus.be\/wp-content\/uploads\/2024\/07\/logo2.png","width":300,"height":388,"caption":"Studio Nautilus"},"image":{"@id":"https:\/\/studio-nautilus.be\/#\/schema\/logo\/image\/"},"sameAs":["https:\/\/www.facebook.com\/StudionautilusDesign","https:\/\/www.instagram.com\/studio.nautilus\/"]}]}},"_links":{"self":[{"href":"https:\/\/studio-nautilus.be\/index.php\/wp-json\/wp\/v2\/pages\/3","targetHints":{"allow":["GET"]}}],"collection":[{"href":"https:\/\/studio-nautilus.be\/index.php\/wp-json\/wp\/v2\/pages"}],"about":[{"href":"https:\/\/studio-nautilus.be\/index.php\/wp-json\/wp\/v2\/types\/page"}],"author":[{"embeddable":true,"href":"https:\/\/studio-nautilus.be\/index.php\/wp-json\/wp\/v2\/users\/1"}],"replies":[{"embeddable":true,"href":"https:\/\/studio-nautilus.be\/index.php\/wp-json\/wp\/v2\/comments?post=3"}],"version-history":[{"count":4,"href":"https:\/\/studio-nautilus.be\/index.php\/wp-json\/wp\/v2\/pages\/3\/revisions"}],"predecessor-version":[{"id":531,"href":"https:\/\/studio-nautilus.be\/index.php\/wp-json\/wp\/v2\/pages\/3\/revisions\/531"}],"wp:attachment":[{"href":"https:\/\/studio-nautilus.be\/index.php\/wp-json\/wp\/v2\/media?parent=3"}],"curies":[{"name":"wp","href":"https:\/\/api.w.org\/{rel}","templated":true}]}}