{"id":215,"date":"2024-06-25T10:04:13","date_gmt":"2024-06-25T08:04:13","guid":{"rendered":"https:\/\/studio-nautilus.be\/?page_id=215"},"modified":"2024-08-29T11:44:58","modified_gmt":"2024-08-29T09:44:58","slug":"projets-2","status":"publish","type":"page","link":"https:\/\/studio-nautilus.be\/index.php\/projets-2\/","title":{"rendered":"Projets"},"content":{"rendered":"\n<h3 class=\"wp-block-heading has-text-align-center\">Comment se passe la concr\u00e9tisation <br>d&#8217;un projet ?<\/h3>\n\n\n\n<p>Dans une collaboration, le client est l&#8217;acteur principal de la r\u00e9alisation du projet. Gr\u00e2ce aux \u00e9changes et aux rencontres, l\u2019id\u00e9e \u00e9volue et devient concr\u00e8te. En ce sens, le studio travaille suivant une m\u00e9thodologie participative en trois \u00e9tapes&nbsp;:<\/p>\n\n\n\n<p>1) <strong>R\u00e9union<\/strong> de lancement&nbsp;: rencontre avec le client, compr\u00e9hension de son projet et des enjeux<br>\u2192 <em>Quel est le r\u00eave de d\u00e9part&nbsp;? <\/em>\u00c9bauche du projet.<\/p>\n\n\n\n<p><br>2) <strong>Conception<\/strong>&nbsp;: recherches et \u00e9laboration des solutions graphiques<br>\u2192 <em>Quelles sont les solutions possibles&nbsp;? <\/em>Recherches, exp\u00e9rimentations graphiques, corrections et validation.<\/p>\n\n\n\n<p><br>3) <strong>R\u00e9alisation<\/strong>&nbsp;: concr\u00e9tisation et fabrication des supports, livraison<br>\u2192 Finalisation et derni\u00e8res v\u00e9rifications avant l\u2019impression.<\/p>\n\n\n\n<div style=\"height:54px\" aria-hidden=\"true\" class=\"wp-block-spacer\"><\/div>\n\n\n\n<h3 class=\"wp-block-heading\">Voir les projets r\u00e9alis\u00e9s :<\/h3>\n\n\n\n<div class=\"wp-block-group is-content-justification-center is-nowrap is-layout-flex wp-container-core-group-is-layout-3c8805c5 wp-block-group-is-layout-flex\">\n<figure class=\"wp-block-image size-full is-resized\"><a href=\"https:\/\/studio-nautilus.be\/index.php\/category\/graphisme\/\"><img fetchpriority=\"high\" decoding=\"async\" width=\"300\" height=\"388\" src=\"http:\/\/studio-nautilus.be\/wp-content\/uploads\/2024\/07\/Graphisme2.png\" alt=\"\" class=\"wp-image-274\" style=\"width:120px\" srcset=\"https:\/\/studio-nautilus.be\/wp-content\/uploads\/2024\/07\/Graphisme2.png 300w, https:\/\/studio-nautilus.be\/wp-content\/uploads\/2024\/07\/Graphisme2-232x300.png 232w\" sizes=\"(max-width: 300px) 100vw, 300px\" \/><\/a><\/figure>\n\n\n\n<figure class=\"wp-block-image size-full is-resized\"><a href=\"https:\/\/studio-nautilus.be\/index.php\/category\/exploration\/\"><img decoding=\"async\" width=\"300\" height=\"388\" src=\"http:\/\/studio-nautilus.be\/wp-content\/uploads\/2024\/07\/Exploration2-1.png\" alt=\"\" class=\"wp-image-275\" style=\"width:120px\" srcset=\"https:\/\/studio-nautilus.be\/wp-content\/uploads\/2024\/07\/Exploration2-1.png 300w, https:\/\/studio-nautilus.be\/wp-content\/uploads\/2024\/07\/Exploration2-1-232x300.png 232w\" sizes=\"(max-width: 300px) 100vw, 300px\" \/><\/a><\/figure>\n\n\n\n<figure class=\"wp-block-image size-full is-resized\"><a href=\"https:\/\/studio-nautilus.be\/index.php\/category\/workshop\"><img decoding=\"async\" width=\"300\" height=\"388\" src=\"http:\/\/studio-nautilus.be\/wp-content\/uploads\/2024\/07\/Workshop2-1.png\" alt=\"\" class=\"wp-image-276\" style=\"width:120px\" srcset=\"https:\/\/studio-nautilus.be\/wp-content\/uploads\/2024\/07\/Workshop2-1.png 300w, https:\/\/studio-nautilus.be\/wp-content\/uploads\/2024\/07\/Workshop2-1-232x300.png 232w\" sizes=\"(max-width: 300px) 100vw, 300px\" \/><\/a><\/figure>\n<\/div>\n\n\n\n<div style=\"height:18px\" aria-hidden=\"true\" class=\"wp-block-spacer\"><\/div>\n","protected":false},"excerpt":{"rendered":"<p>Comment se passe la concr\u00e9tisation d&#8217;un projet ? Dans une collaboration, le client est l&#8217;acteur principal de la r\u00e9alisation du projet. Gr\u00e2ce aux \u00e9changes et aux rencontres, l\u2019id\u00e9e \u00e9volue et devient concr\u00e8te. En ce sens, le studio travaille suivant une m\u00e9thodologie participative en trois \u00e9tapes&nbsp;: 1) R\u00e9union de lancement&nbsp;: rencontre avec le client, compr\u00e9hension de [&hellip;]<\/p>\n","protected":false},"author":1,"featured_media":86,"parent":0,"menu_order":0,"comment_status":"closed","ping_status":"closed","template":"","meta":{"footnotes":""},"class_list":["post-215","page","type-page","status-publish","has-post-thumbnail","hentry"],"yoast_head":"<!-- This site is optimized with the Yoast SEO plugin v27.3 - https:\/\/yoast.com\/product\/yoast-seo-wordpress\/ -->\n<title>Projets - Studio Nautilus<\/title>\n<meta name=\"description\" content=\"R\u00e9union de lancement\u00a0: rencontre avec le client. Quel est le r\u00eave de d\u00e9part\u00a0? Conception,\u00a0Recherches et R\u00e9alisation\" \/>\n<meta name=\"robots\" content=\"index, follow, max-snippet:-1, max-image-preview:large, max-video-preview:-1\" \/>\n<link rel=\"canonical\" href=\"https:\/\/studio-nautilus.be\/index.php\/projets-2\/\" \/>\n<meta property=\"og:locale\" content=\"en_US\" \/>\n<meta property=\"og:type\" content=\"article\" \/>\n<meta property=\"og:title\" content=\"Projets - Studio Nautilus\" \/>\n<meta property=\"og:description\" content=\"R\u00e9union de lancement\u00a0: rencontre avec le client. Quel est le r\u00eave de d\u00e9part\u00a0? Conception,\u00a0Recherches et R\u00e9alisation\" \/>\n<meta property=\"og:url\" content=\"https:\/\/studio-nautilus.be\/index.php\/projets-2\/\" \/>\n<meta property=\"og:site_name\" content=\"Studio Nautilus\" \/>\n<meta property=\"article:publisher\" content=\"https:\/\/www.facebook.com\/StudionautilusDesign\" \/>\n<meta property=\"article:modified_time\" content=\"2024-08-29T09:44:58+00:00\" \/>\n<meta property=\"og:image\" content=\"https:\/\/studio-nautilus.be\/wp-content\/uploads\/2024\/05\/c647ad155201931.6350130b4fe91.png\" \/>\n\t<meta property=\"og:image:width\" content=\"1200\" \/>\n\t<meta property=\"og:image:height\" content=\"772\" \/>\n\t<meta property=\"og:image:type\" content=\"image\/png\" \/>\n<meta name=\"twitter:card\" content=\"summary_large_image\" \/>\n<meta name=\"twitter:label1\" content=\"Est. reading time\" \/>\n\t<meta name=\"twitter:data1\" content=\"2 minutes\" \/>\n<script type=\"application\/ld+json\" class=\"yoast-schema-graph\">{\"@context\":\"https:\\\/\\\/schema.org\",\"@graph\":[{\"@type\":\"WebPage\",\"@id\":\"https:\\\/\\\/studio-nautilus.be\\\/index.php\\\/projets-2\\\/\",\"url\":\"https:\\\/\\\/studio-nautilus.be\\\/index.php\\\/projets-2\\\/\",\"name\":\"Projets - Studio Nautilus\",\"isPartOf\":{\"@id\":\"https:\\\/\\\/studio-nautilus.be\\\/#website\"},\"primaryImageOfPage\":{\"@id\":\"https:\\\/\\\/studio-nautilus.be\\\/index.php\\\/projets-2\\\/#primaryimage\"},\"image\":{\"@id\":\"https:\\\/\\\/studio-nautilus.be\\\/index.php\\\/projets-2\\\/#primaryimage\"},\"thumbnailUrl\":\"https:\\\/\\\/studio-nautilus.be\\\/wp-content\\\/uploads\\\/2024\\\/05\\\/c647ad155201931.6350130b4fe91.png\",\"datePublished\":\"2024-06-25T08:04:13+00:00\",\"dateModified\":\"2024-08-29T09:44:58+00:00\",\"description\":\"R\u00e9union de lancement\u00a0: rencontre avec le client. Quel est le r\u00eave de d\u00e9part\u00a0? Conception,\u00a0Recherches et R\u00e9alisation\",\"breadcrumb\":{\"@id\":\"https:\\\/\\\/studio-nautilus.be\\\/index.php\\\/projets-2\\\/#breadcrumb\"},\"inLanguage\":\"en-US\",\"potentialAction\":[{\"@type\":\"ReadAction\",\"target\":[\"https:\\\/\\\/studio-nautilus.be\\\/index.php\\\/projets-2\\\/\"]}]},{\"@type\":\"ImageObject\",\"inLanguage\":\"en-US\",\"@id\":\"https:\\\/\\\/studio-nautilus.be\\\/index.php\\\/projets-2\\\/#primaryimage\",\"url\":\"https:\\\/\\\/studio-nautilus.be\\\/wp-content\\\/uploads\\\/2024\\\/05\\\/c647ad155201931.6350130b4fe91.png\",\"contentUrl\":\"https:\\\/\\\/studio-nautilus.be\\\/wp-content\\\/uploads\\\/2024\\\/05\\\/c647ad155201931.6350130b4fe91.png\",\"width\":1200,\"height\":772},{\"@type\":\"BreadcrumbList\",\"@id\":\"https:\\\/\\\/studio-nautilus.be\\\/index.php\\\/projets-2\\\/#breadcrumb\",\"itemListElement\":[{\"@type\":\"ListItem\",\"position\":1,\"name\":\"Accueil\",\"item\":\"https:\\\/\\\/studio-nautilus.be\\\/\"},{\"@type\":\"ListItem\",\"position\":2,\"name\":\"Projets\"}]},{\"@type\":\"WebSite\",\"@id\":\"https:\\\/\\\/studio-nautilus.be\\\/#website\",\"url\":\"https:\\\/\\\/studio-nautilus.be\\\/\",\"name\":\"Studio Nautilus\",\"description\":\"Imaginer et raconter de nouvelles histoires\",\"publisher\":{\"@id\":\"https:\\\/\\\/studio-nautilus.be\\\/#organization\"},\"potentialAction\":[{\"@type\":\"SearchAction\",\"target\":{\"@type\":\"EntryPoint\",\"urlTemplate\":\"https:\\\/\\\/studio-nautilus.be\\\/?s={search_term_string}\"},\"query-input\":{\"@type\":\"PropertyValueSpecification\",\"valueRequired\":true,\"valueName\":\"search_term_string\"}}],\"inLanguage\":\"en-US\"},{\"@type\":\"Organization\",\"@id\":\"https:\\\/\\\/studio-nautilus.be\\\/#organization\",\"name\":\"Studio Nautilus\",\"url\":\"https:\\\/\\\/studio-nautilus.be\\\/\",\"logo\":{\"@type\":\"ImageObject\",\"inLanguage\":\"en-US\",\"@id\":\"https:\\\/\\\/studio-nautilus.be\\\/#\\\/schema\\\/logo\\\/image\\\/\",\"url\":\"https:\\\/\\\/studio-nautilus.be\\\/wp-content\\\/uploads\\\/2024\\\/07\\\/logo2.png\",\"contentUrl\":\"https:\\\/\\\/studio-nautilus.be\\\/wp-content\\\/uploads\\\/2024\\\/07\\\/logo2.png\",\"width\":300,\"height\":388,\"caption\":\"Studio Nautilus\"},\"image\":{\"@id\":\"https:\\\/\\\/studio-nautilus.be\\\/#\\\/schema\\\/logo\\\/image\\\/\"},\"sameAs\":[\"https:\\\/\\\/www.facebook.com\\\/StudionautilusDesign\",\"https:\\\/\\\/www.instagram.com\\\/studio.nautilus\\\/\"]}]}<\/script>\n<!-- \/ Yoast SEO plugin. -->","yoast_head_json":{"title":"Projets - Studio Nautilus","description":"R\u00e9union de lancement\u00a0: rencontre avec le client. Quel est le r\u00eave de d\u00e9part\u00a0? Conception,\u00a0Recherches et R\u00e9alisation","robots":{"index":"index","follow":"follow","max-snippet":"max-snippet:-1","max-image-preview":"max-image-preview:large","max-video-preview":"max-video-preview:-1"},"canonical":"https:\/\/studio-nautilus.be\/index.php\/projets-2\/","og_locale":"en_US","og_type":"article","og_title":"Projets - Studio Nautilus","og_description":"R\u00e9union de lancement\u00a0: rencontre avec le client. Quel est le r\u00eave de d\u00e9part\u00a0? Conception,\u00a0Recherches et R\u00e9alisation","og_url":"https:\/\/studio-nautilus.be\/index.php\/projets-2\/","og_site_name":"Studio Nautilus","article_publisher":"https:\/\/www.facebook.com\/StudionautilusDesign","article_modified_time":"2024-08-29T09:44:58+00:00","og_image":[{"width":1200,"height":772,"url":"https:\/\/studio-nautilus.be\/wp-content\/uploads\/2024\/05\/c647ad155201931.6350130b4fe91.png","type":"image\/png"}],"twitter_card":"summary_large_image","twitter_misc":{"Est. reading time":"2 minutes"},"schema":{"@context":"https:\/\/schema.org","@graph":[{"@type":"WebPage","@id":"https:\/\/studio-nautilus.be\/index.php\/projets-2\/","url":"https:\/\/studio-nautilus.be\/index.php\/projets-2\/","name":"Projets - Studio Nautilus","isPartOf":{"@id":"https:\/\/studio-nautilus.be\/#website"},"primaryImageOfPage":{"@id":"https:\/\/studio-nautilus.be\/index.php\/projets-2\/#primaryimage"},"image":{"@id":"https:\/\/studio-nautilus.be\/index.php\/projets-2\/#primaryimage"},"thumbnailUrl":"https:\/\/studio-nautilus.be\/wp-content\/uploads\/2024\/05\/c647ad155201931.6350130b4fe91.png","datePublished":"2024-06-25T08:04:13+00:00","dateModified":"2024-08-29T09:44:58+00:00","description":"R\u00e9union de lancement\u00a0: rencontre avec le client. Quel est le r\u00eave de d\u00e9part\u00a0? Conception,\u00a0Recherches et R\u00e9alisation","breadcrumb":{"@id":"https:\/\/studio-nautilus.be\/index.php\/projets-2\/#breadcrumb"},"inLanguage":"en-US","potentialAction":[{"@type":"ReadAction","target":["https:\/\/studio-nautilus.be\/index.php\/projets-2\/"]}]},{"@type":"ImageObject","inLanguage":"en-US","@id":"https:\/\/studio-nautilus.be\/index.php\/projets-2\/#primaryimage","url":"https:\/\/studio-nautilus.be\/wp-content\/uploads\/2024\/05\/c647ad155201931.6350130b4fe91.png","contentUrl":"https:\/\/studio-nautilus.be\/wp-content\/uploads\/2024\/05\/c647ad155201931.6350130b4fe91.png","width":1200,"height":772},{"@type":"BreadcrumbList","@id":"https:\/\/studio-nautilus.be\/index.php\/projets-2\/#breadcrumb","itemListElement":[{"@type":"ListItem","position":1,"name":"Accueil","item":"https:\/\/studio-nautilus.be\/"},{"@type":"ListItem","position":2,"name":"Projets"}]},{"@type":"WebSite","@id":"https:\/\/studio-nautilus.be\/#website","url":"https:\/\/studio-nautilus.be\/","name":"Studio Nautilus","description":"Imaginer et raconter de nouvelles histoires","publisher":{"@id":"https:\/\/studio-nautilus.be\/#organization"},"potentialAction":[{"@type":"SearchAction","target":{"@type":"EntryPoint","urlTemplate":"https:\/\/studio-nautilus.be\/?s={search_term_string}"},"query-input":{"@type":"PropertyValueSpecification","valueRequired":true,"valueName":"search_term_string"}}],"inLanguage":"en-US"},{"@type":"Organization","@id":"https:\/\/studio-nautilus.be\/#organization","name":"Studio Nautilus","url":"https:\/\/studio-nautilus.be\/","logo":{"@type":"ImageObject","inLanguage":"en-US","@id":"https:\/\/studio-nautilus.be\/#\/schema\/logo\/image\/","url":"https:\/\/studio-nautilus.be\/wp-content\/uploads\/2024\/07\/logo2.png","contentUrl":"https:\/\/studio-nautilus.be\/wp-content\/uploads\/2024\/07\/logo2.png","width":300,"height":388,"caption":"Studio Nautilus"},"image":{"@id":"https:\/\/studio-nautilus.be\/#\/schema\/logo\/image\/"},"sameAs":["https:\/\/www.facebook.com\/StudionautilusDesign","https:\/\/www.instagram.com\/studio.nautilus\/"]}]}},"_links":{"self":[{"href":"https:\/\/studio-nautilus.be\/index.php\/wp-json\/wp\/v2\/pages\/215","targetHints":{"allow":["GET"]}}],"collection":[{"href":"https:\/\/studio-nautilus.be\/index.php\/wp-json\/wp\/v2\/pages"}],"about":[{"href":"https:\/\/studio-nautilus.be\/index.php\/wp-json\/wp\/v2\/types\/page"}],"author":[{"embeddable":true,"href":"https:\/\/studio-nautilus.be\/index.php\/wp-json\/wp\/v2\/users\/1"}],"replies":[{"embeddable":true,"href":"https:\/\/studio-nautilus.be\/index.php\/wp-json\/wp\/v2\/comments?post=215"}],"version-history":[{"count":14,"href":"https:\/\/studio-nautilus.be\/index.php\/wp-json\/wp\/v2\/pages\/215\/revisions"}],"predecessor-version":[{"id":780,"href":"https:\/\/studio-nautilus.be\/index.php\/wp-json\/wp\/v2\/pages\/215\/revisions\/780"}],"wp:featuredmedia":[{"embeddable":true,"href":"https:\/\/studio-nautilus.be\/index.php\/wp-json\/wp\/v2\/media\/86"}],"wp:attachment":[{"href":"https:\/\/studio-nautilus.be\/index.php\/wp-json\/wp\/v2\/media?parent=215"}],"curies":[{"name":"wp","href":"https:\/\/api.w.org\/{rel}","templated":true}]}}