{"id":20,"date":"2024-05-30T14:39:37","date_gmt":"2024-05-30T12:39:37","guid":{"rendered":"https:\/\/studio-nautilus.be\/?page_id=20"},"modified":"2024-09-17T16:42:46","modified_gmt":"2024-09-17T14:42:46","slug":"a-propos","status":"publish","type":"page","link":"https:\/\/studio-nautilus.be\/index.php\/a-propos\/","title":{"rendered":"\u00c0 propos"},"content":{"rendered":"\n<h2 class=\"wp-block-heading\">C\u2019est quoi Nautilus&nbsp;?<\/h2>\n\n\n\n<p>Inspir\u00e9 du l\u00e9gendaire sous-marin du Capitaine N\u00e9mo (<em>Vingt mille lieux sous les mers<\/em>, Jules Verne), Nautilus est, ici, un studio cr\u00e9atif li\u00e9geois qui permet de voyager et d\u2019explorer l\u2019univers du papier imprim\u00e9 et du livre. Chaque projet et collaboration est une nouvelle occasion pour d\u00e9couvrir <br>de nouveaux horizons.<\/p>\n\n\n\n<h2 class=\"wp-block-heading\">La structure<\/h2>\n\n\n\n<p>La structure du Nautilus repose sur trois piliers&nbsp;:<\/p>\n\n\n\n<ul class=\"wp-block-list\">\n<li><strong>La collaboration participative<\/strong><br>L\u2019\u00e9change, la rencontre, le dialogue sont au c\u0153ur de la concr\u00e9tisation d\u2019un projet.<\/li>\n\n\n\n<li><strong>Le design ludique et esth\u00e9tique<\/strong><br>Chaque projet doit \u00eatre une traduction esth\u00e9tique et visuelle d\u2019une histoire \u00e0 partager.<\/li>\n\n\n\n<li><strong>Le recyclage et upcylcing<\/strong><br>Le papier est une mati\u00e8re tr\u00e8s pris\u00e9e dans notre quotidien qui se m\u00e9tamorphose tr\u00e8s facilement. Ici, il devient un pilier centrale dans la cr\u00e9ation et se transforme au fil des projets.<\/li>\n<\/ul>\n\n\n\n<h2 class=\"wp-block-heading\">L\u2019auto-\u00e9dition<\/h2>\n\n\n\n<p>Nautilus est aussi une maison d\u2019\u00e9dition, sp\u00e9cialis\u00e9 dans la micro-\u00e9dition (petits nombres d\u2019exemplaires). Cette facette permet d\u2019\u00e9diter des livres <br>en tout genre, aux gr\u00e8s des envies et des folies passag\u00e8res.<\/p>\n\n\n\n<h2 class=\"wp-block-heading\">L\u2019exploration<\/h2>\n\n\n\n<p>Nautilus est aussi l\u00e0 pour s\u2019aventurer hors des fronti\u00e8res connues et d\u2019explorer de nouvelles pratiques cr\u00e9atives innovantes en mati\u00e8re de cr\u00e9ation et d\u2019impression d\u2019image, et de design \u00e9ditorial. Cette exploration permet de continuer de d\u00e9couvrir et d\u2019apprendre de nouvelles choses (techniques, outils, etc.), tr\u00e8s utile pour proposer des solutions innovantes dans les collaborations.<\/p>\n\n\n\n<h2 class=\"wp-block-heading\">Les collaborations et partenariats<\/h2>\n\n\n\n<p style=\"margin-top:var(--wp--preset--spacing--20);margin-bottom:var(--wp--preset--spacing--20)\">Bien que je travaille en solitaire, les collaborations et les partenariats sont aussi tr\u00e8s pr\u00e9sents dans mon quotidien. Ceci permet de d\u00e9velopper un r\u00e9seau li\u00e9geois important dans lequel naviguer. Les domaines de pr\u00e9dilection sont&nbsp;: domaine linguistique et p\u00e9dagogique, pratique du langage et de la transmission, la communication, le handicap (surdit\u00e9, autisme).<br>Les partenaires et collaborateurs sont des \u00e9coles, des cr\u00e9atifs, des librairies, des centres culturels, des associations, des logop\u00e8des, des particuliers, etc.<\/p>\n\n\n\n<div style=\"height:58px\" aria-hidden=\"true\" class=\"wp-block-spacer\"><\/div>\n\n\n\n<div class=\"wp-block-cover alignfull is-light\" style=\"margin-top:0;margin-bottom:0;padding-top:0vw;padding-right:6vw;padding-bottom:0vw;padding-left:6vw;min-height:349px;aspect-ratio:unset;\"><span aria-hidden=\"true\" class=\"wp-block-cover__background has-background-dim-100 has-background-dim\" style=\"background-color:#99c8c8\"><\/span><div class=\"wp-block-cover__inner-container is-layout-flow wp-block-cover-is-layout-flow\">\n<p class=\"has-text-align-center has-quicksand-font-family has-large-font-size\" style=\"font-style:normal;font-weight:100\">EXCURSIONS PASSEES<\/p>\n\n\n\n<div style=\"height:14px\" aria-hidden=\"true\" class=\"wp-block-spacer\"><\/div>\n\n\n\n<div class=\"wp-block-group is-content-justification-center is-nowrap is-layout-flex wp-container-core-group-is-layout-3c8805c5 wp-block-group-is-layout-flex\">\n<figure class=\"wp-block-image size-full is-resized is-style-default\"><a href=\"https:\/\/studio-nautilus.be\/index.php\/category\/graphisme\/\"><img fetchpriority=\"high\" decoding=\"async\" width=\"300\" height=\"388\" src=\"https:\/\/studio-nautilus.be\/wp-content\/uploads\/2024\/07\/Graphisme2.png\" alt=\"\" class=\"wp-image-274\" style=\"width:120px\" srcset=\"https:\/\/studio-nautilus.be\/wp-content\/uploads\/2024\/07\/Graphisme2.png 300w, https:\/\/studio-nautilus.be\/wp-content\/uploads\/2024\/07\/Graphisme2-232x300.png 232w\" sizes=\"(max-width: 300px) 100vw, 300px\" \/><\/a><\/figure>\n\n\n\n<figure class=\"wp-block-image size-full is-resized\"><a href=\"https:\/\/studio-nautilus.be\/index.php\/category\/exploration\/\"><img decoding=\"async\" width=\"300\" height=\"388\" src=\"https:\/\/studio-nautilus.be\/wp-content\/uploads\/2024\/07\/Exploration2-1.png\" alt=\"\" class=\"wp-image-275\" style=\"width:120px\" srcset=\"https:\/\/studio-nautilus.be\/wp-content\/uploads\/2024\/07\/Exploration2-1.png 300w, https:\/\/studio-nautilus.be\/wp-content\/uploads\/2024\/07\/Exploration2-1-232x300.png 232w\" sizes=\"(max-width: 300px) 100vw, 300px\" \/><\/a><\/figure>\n\n\n\n<figure class=\"wp-block-image size-full is-resized has-custom-border\"><a href=\"https:\/\/studio-nautilus.be\/index.php\/category\/workshop\"><img decoding=\"async\" width=\"300\" height=\"388\" src=\"https:\/\/studio-nautilus.be\/wp-content\/uploads\/2024\/07\/Workshop2-1.png\" alt=\"\" class=\"wp-image-276\" style=\"border-radius:0px;width:120px\" srcset=\"https:\/\/studio-nautilus.be\/wp-content\/uploads\/2024\/07\/Workshop2-1.png 300w, https:\/\/studio-nautilus.be\/wp-content\/uploads\/2024\/07\/Workshop2-1-232x300.png 232w\" sizes=\"(max-width: 300px) 100vw, 300px\" \/><\/a><\/figure>\n<\/div>\n<\/div><\/div>\n","protected":false},"excerpt":{"rendered":"<p>C\u2019est quoi Nautilus&nbsp;? Inspir\u00e9 du l\u00e9gendaire sous-marin du Capitaine N\u00e9mo (Vingt mille lieux sous les mers, Jules Verne), Nautilus est, ici, un studio cr\u00e9atif li\u00e9geois qui permet de voyager et d\u2019explorer l\u2019univers du papier imprim\u00e9 et du livre. Chaque projet et collaboration est une nouvelle occasion pour d\u00e9couvrir de nouveaux horizons. La structure La structure [&hellip;]<\/p>\n","protected":false},"author":1,"featured_media":110,"parent":0,"menu_order":0,"comment_status":"closed","ping_status":"closed","template":"","meta":{"footnotes":""},"class_list":["post-20","page","type-page","status-publish","has-post-thumbnail","hentry"],"yoast_head":"<!-- This site is optimized with the Yoast SEO plugin v27.3 - https:\/\/yoast.com\/product\/yoast-seo-wordpress\/ -->\n<title>\u00c0 propos - Studio Nautilus<\/title>\n<meta name=\"description\" content=\"Studio cr\u00e9atif li\u00e9geois pour voyager et explorer l\u2019univers du papier imprim\u00e9 et du livre et \u00e9diter des livres aux gr\u00e8s des envies\" \/>\n<meta name=\"robots\" content=\"index, follow, max-snippet:-1, max-image-preview:large, max-video-preview:-1\" \/>\n<link rel=\"canonical\" href=\"https:\/\/studio-nautilus.be\/index.php\/a-propos\/\" \/>\n<meta property=\"og:locale\" content=\"en_US\" \/>\n<meta property=\"og:type\" content=\"article\" \/>\n<meta property=\"og:title\" content=\"\u00c0 propos - Studio Nautilus\" \/>\n<meta property=\"og:description\" content=\"Studio cr\u00e9atif li\u00e9geois pour voyager et explorer l\u2019univers du papier imprim\u00e9 et du livre et \u00e9diter des livres aux gr\u00e8s des envies\" \/>\n<meta property=\"og:url\" content=\"https:\/\/studio-nautilus.be\/index.php\/a-propos\/\" \/>\n<meta property=\"og:site_name\" content=\"Studio Nautilus\" \/>\n<meta property=\"article:publisher\" content=\"https:\/\/www.facebook.com\/StudionautilusDesign\" \/>\n<meta property=\"article:modified_time\" content=\"2024-09-17T14:42:46+00:00\" \/>\n<meta property=\"og:image\" content=\"http:\/\/studio-nautilus.be\/wp-content\/uploads\/2024\/05\/7-jpg.webp\" \/>\n\t<meta property=\"og:image:width\" content=\"1920\" \/>\n\t<meta property=\"og:image:height\" content=\"1277\" \/>\n\t<meta property=\"og:image:type\" content=\"image\/jpeg\" \/>\n<meta name=\"twitter:card\" content=\"summary_large_image\" \/>\n<meta name=\"twitter:label1\" content=\"Est. reading time\" \/>\n\t<meta name=\"twitter:data1\" content=\"3 minutes\" \/>\n<script type=\"application\/ld+json\" class=\"yoast-schema-graph\">{\"@context\":\"https:\\\/\\\/schema.org\",\"@graph\":[{\"@type\":\"WebPage\",\"@id\":\"https:\\\/\\\/studio-nautilus.be\\\/index.php\\\/a-propos\\\/\",\"url\":\"https:\\\/\\\/studio-nautilus.be\\\/index.php\\\/a-propos\\\/\",\"name\":\"\u00c0 propos - Studio Nautilus\",\"isPartOf\":{\"@id\":\"https:\\\/\\\/studio-nautilus.be\\\/#website\"},\"primaryImageOfPage\":{\"@id\":\"https:\\\/\\\/studio-nautilus.be\\\/index.php\\\/a-propos\\\/#primaryimage\"},\"image\":{\"@id\":\"https:\\\/\\\/studio-nautilus.be\\\/index.php\\\/a-propos\\\/#primaryimage\"},\"thumbnailUrl\":\"https:\\\/\\\/studio-nautilus.be\\\/wp-content\\\/uploads\\\/2024\\\/05\\\/7-jpg.webp\",\"datePublished\":\"2024-05-30T12:39:37+00:00\",\"dateModified\":\"2024-09-17T14:42:46+00:00\",\"description\":\"Studio cr\u00e9atif li\u00e9geois pour voyager et explorer l\u2019univers du papier imprim\u00e9 et du livre et \u00e9diter des livres aux gr\u00e8s des envies\",\"breadcrumb\":{\"@id\":\"https:\\\/\\\/studio-nautilus.be\\\/index.php\\\/a-propos\\\/#breadcrumb\"},\"inLanguage\":\"en-US\",\"potentialAction\":[{\"@type\":\"ReadAction\",\"target\":[\"https:\\\/\\\/studio-nautilus.be\\\/index.php\\\/a-propos\\\/\"]}]},{\"@type\":\"ImageObject\",\"inLanguage\":\"en-US\",\"@id\":\"https:\\\/\\\/studio-nautilus.be\\\/index.php\\\/a-propos\\\/#primaryimage\",\"url\":\"https:\\\/\\\/studio-nautilus.be\\\/wp-content\\\/uploads\\\/2024\\\/05\\\/7-jpg.webp\",\"contentUrl\":\"https:\\\/\\\/studio-nautilus.be\\\/wp-content\\\/uploads\\\/2024\\\/05\\\/7-jpg.webp\",\"width\":1920,\"height\":1277},{\"@type\":\"BreadcrumbList\",\"@id\":\"https:\\\/\\\/studio-nautilus.be\\\/index.php\\\/a-propos\\\/#breadcrumb\",\"itemListElement\":[{\"@type\":\"ListItem\",\"position\":1,\"name\":\"Accueil\",\"item\":\"https:\\\/\\\/studio-nautilus.be\\\/\"},{\"@type\":\"ListItem\",\"position\":2,\"name\":\"\u00c0 propos\"}]},{\"@type\":\"WebSite\",\"@id\":\"https:\\\/\\\/studio-nautilus.be\\\/#website\",\"url\":\"https:\\\/\\\/studio-nautilus.be\\\/\",\"name\":\"Studio Nautilus\",\"description\":\"Imaginer et raconter de nouvelles histoires\",\"publisher\":{\"@id\":\"https:\\\/\\\/studio-nautilus.be\\\/#organization\"},\"potentialAction\":[{\"@type\":\"SearchAction\",\"target\":{\"@type\":\"EntryPoint\",\"urlTemplate\":\"https:\\\/\\\/studio-nautilus.be\\\/?s={search_term_string}\"},\"query-input\":{\"@type\":\"PropertyValueSpecification\",\"valueRequired\":true,\"valueName\":\"search_term_string\"}}],\"inLanguage\":\"en-US\"},{\"@type\":\"Organization\",\"@id\":\"https:\\\/\\\/studio-nautilus.be\\\/#organization\",\"name\":\"Studio Nautilus\",\"url\":\"https:\\\/\\\/studio-nautilus.be\\\/\",\"logo\":{\"@type\":\"ImageObject\",\"inLanguage\":\"en-US\",\"@id\":\"https:\\\/\\\/studio-nautilus.be\\\/#\\\/schema\\\/logo\\\/image\\\/\",\"url\":\"https:\\\/\\\/studio-nautilus.be\\\/wp-content\\\/uploads\\\/2024\\\/07\\\/logo2.png\",\"contentUrl\":\"https:\\\/\\\/studio-nautilus.be\\\/wp-content\\\/uploads\\\/2024\\\/07\\\/logo2.png\",\"width\":300,\"height\":388,\"caption\":\"Studio Nautilus\"},\"image\":{\"@id\":\"https:\\\/\\\/studio-nautilus.be\\\/#\\\/schema\\\/logo\\\/image\\\/\"},\"sameAs\":[\"https:\\\/\\\/www.facebook.com\\\/StudionautilusDesign\",\"https:\\\/\\\/www.instagram.com\\\/studio.nautilus\\\/\"]}]}<\/script>\n<!-- \/ Yoast SEO plugin. -->","yoast_head_json":{"title":"\u00c0 propos - Studio Nautilus","description":"Studio cr\u00e9atif li\u00e9geois pour voyager et explorer l\u2019univers du papier imprim\u00e9 et du livre et \u00e9diter des livres aux gr\u00e8s des envies","robots":{"index":"index","follow":"follow","max-snippet":"max-snippet:-1","max-image-preview":"max-image-preview:large","max-video-preview":"max-video-preview:-1"},"canonical":"https:\/\/studio-nautilus.be\/index.php\/a-propos\/","og_locale":"en_US","og_type":"article","og_title":"\u00c0 propos - Studio Nautilus","og_description":"Studio cr\u00e9atif li\u00e9geois pour voyager et explorer l\u2019univers du papier imprim\u00e9 et du livre et \u00e9diter des livres aux gr\u00e8s des envies","og_url":"https:\/\/studio-nautilus.be\/index.php\/a-propos\/","og_site_name":"Studio Nautilus","article_publisher":"https:\/\/www.facebook.com\/StudionautilusDesign","article_modified_time":"2024-09-17T14:42:46+00:00","og_image":[{"width":1920,"height":1277,"url":"http:\/\/studio-nautilus.be\/wp-content\/uploads\/2024\/05\/7-jpg.webp","type":"image\/jpeg"}],"twitter_card":"summary_large_image","twitter_misc":{"Est. reading time":"3 minutes"},"schema":{"@context":"https:\/\/schema.org","@graph":[{"@type":"WebPage","@id":"https:\/\/studio-nautilus.be\/index.php\/a-propos\/","url":"https:\/\/studio-nautilus.be\/index.php\/a-propos\/","name":"\u00c0 propos - Studio Nautilus","isPartOf":{"@id":"https:\/\/studio-nautilus.be\/#website"},"primaryImageOfPage":{"@id":"https:\/\/studio-nautilus.be\/index.php\/a-propos\/#primaryimage"},"image":{"@id":"https:\/\/studio-nautilus.be\/index.php\/a-propos\/#primaryimage"},"thumbnailUrl":"https:\/\/studio-nautilus.be\/wp-content\/uploads\/2024\/05\/7-jpg.webp","datePublished":"2024-05-30T12:39:37+00:00","dateModified":"2024-09-17T14:42:46+00:00","description":"Studio cr\u00e9atif li\u00e9geois pour voyager et explorer l\u2019univers du papier imprim\u00e9 et du livre et \u00e9diter des livres aux gr\u00e8s des envies","breadcrumb":{"@id":"https:\/\/studio-nautilus.be\/index.php\/a-propos\/#breadcrumb"},"inLanguage":"en-US","potentialAction":[{"@type":"ReadAction","target":["https:\/\/studio-nautilus.be\/index.php\/a-propos\/"]}]},{"@type":"ImageObject","inLanguage":"en-US","@id":"https:\/\/studio-nautilus.be\/index.php\/a-propos\/#primaryimage","url":"https:\/\/studio-nautilus.be\/wp-content\/uploads\/2024\/05\/7-jpg.webp","contentUrl":"https:\/\/studio-nautilus.be\/wp-content\/uploads\/2024\/05\/7-jpg.webp","width":1920,"height":1277},{"@type":"BreadcrumbList","@id":"https:\/\/studio-nautilus.be\/index.php\/a-propos\/#breadcrumb","itemListElement":[{"@type":"ListItem","position":1,"name":"Accueil","item":"https:\/\/studio-nautilus.be\/"},{"@type":"ListItem","position":2,"name":"\u00c0 propos"}]},{"@type":"WebSite","@id":"https:\/\/studio-nautilus.be\/#website","url":"https:\/\/studio-nautilus.be\/","name":"Studio Nautilus","description":"Imaginer et raconter de nouvelles histoires","publisher":{"@id":"https:\/\/studio-nautilus.be\/#organization"},"potentialAction":[{"@type":"SearchAction","target":{"@type":"EntryPoint","urlTemplate":"https:\/\/studio-nautilus.be\/?s={search_term_string}"},"query-input":{"@type":"PropertyValueSpecification","valueRequired":true,"valueName":"search_term_string"}}],"inLanguage":"en-US"},{"@type":"Organization","@id":"https:\/\/studio-nautilus.be\/#organization","name":"Studio Nautilus","url":"https:\/\/studio-nautilus.be\/","logo":{"@type":"ImageObject","inLanguage":"en-US","@id":"https:\/\/studio-nautilus.be\/#\/schema\/logo\/image\/","url":"https:\/\/studio-nautilus.be\/wp-content\/uploads\/2024\/07\/logo2.png","contentUrl":"https:\/\/studio-nautilus.be\/wp-content\/uploads\/2024\/07\/logo2.png","width":300,"height":388,"caption":"Studio Nautilus"},"image":{"@id":"https:\/\/studio-nautilus.be\/#\/schema\/logo\/image\/"},"sameAs":["https:\/\/www.facebook.com\/StudionautilusDesign","https:\/\/www.instagram.com\/studio.nautilus\/"]}]}},"_links":{"self":[{"href":"https:\/\/studio-nautilus.be\/index.php\/wp-json\/wp\/v2\/pages\/20","targetHints":{"allow":["GET"]}}],"collection":[{"href":"https:\/\/studio-nautilus.be\/index.php\/wp-json\/wp\/v2\/pages"}],"about":[{"href":"https:\/\/studio-nautilus.be\/index.php\/wp-json\/wp\/v2\/types\/page"}],"author":[{"embeddable":true,"href":"https:\/\/studio-nautilus.be\/index.php\/wp-json\/wp\/v2\/users\/1"}],"replies":[{"embeddable":true,"href":"https:\/\/studio-nautilus.be\/index.php\/wp-json\/wp\/v2\/comments?post=20"}],"version-history":[{"count":13,"href":"https:\/\/studio-nautilus.be\/index.php\/wp-json\/wp\/v2\/pages\/20\/revisions"}],"predecessor-version":[{"id":907,"href":"https:\/\/studio-nautilus.be\/index.php\/wp-json\/wp\/v2\/pages\/20\/revisions\/907"}],"wp:featuredmedia":[{"embeddable":true,"href":"https:\/\/studio-nautilus.be\/index.php\/wp-json\/wp\/v2\/media\/110"}],"wp:attachment":[{"href":"https:\/\/studio-nautilus.be\/index.php\/wp-json\/wp\/v2\/media?parent=20"}],"curies":[{"name":"wp","href":"https:\/\/api.w.org\/{rel}","templated":true}]}}